{"id":4690,"date":"2016-12-05T11:33:18","date_gmt":"2016-12-05T11:33:18","guid":{"rendered":"https:\/\/www.aseproce.org\/presentacion-aseproce\/"},"modified":"2026-03-17T14:27:56","modified_gmt":"2026-03-17T14:27:56","slug":"presentation-aseproce","status":"publish","type":"page","link":"https:\/\/www.aseproce.org\/en\/presentation-aseproce\/","title":{"rendered":"Presentation"},"content":{"rendered":"<p>[vc_row][vc_column width=&#8221;1\/4&#8243;][vc_single_image image=&#8221;9929&#8243; style=&#8221;vc_box_border_circle&#8221; css=&#8221;.vc_custom_1773757511339{margin-bottom: 14px !important;}&#8221;][vc_column_text css=&#8221;.vc_custom_1773757499067{margin-top: 0px !important;}&#8221;]<\/p>\n<p style=\"text-align: center;\"><em><span style=\"color: #009de0;\">Emilio Bordona<\/span><br \/>\n<\/em><em>President of ASEPROCE<\/em><\/p>\n<p>[\/vc_column_text][\/vc_column][vc_column width=&#8221;3\/4&#8243;][vc_column_text]Gracias por visitar nuestra web.<\/p>\n<p>Este espacio se hizo con la ilusi\u00f3n de compartir contigo la dedicaci\u00f3n y el compromiso que impulsan cada d\u00eda nuestro trabajo, as\u00ed como de acercarte a todas las organizaciones que forman parte de esta gran familia que es ASEPROCE.<\/p>\n<p>Sabemos que hoy en d\u00eda elegir no es f\u00e1cil. Vivimos rodeados de ofertas y mensajes atractivos que, en muchas ocasiones, pueden generar dudas e incertidumbre. Internet nos abre un mundo de posibilidades, pero tambi\u00e9n nos exige ser m\u00e1s prudentes que nunca. Cuando se trata de una experiencia tan importante como viajar y formarse en el extranjero, la confianza lo es todo.<\/p>\n<p>Por eso queremos transmitirte tranquilidad. Todas las empresas que forman parte de nuestra asociaci\u00f3n est\u00e1n legalmente establecidas y cumplen exigentes est\u00e1ndares de calidad. Cada a\u00f1o superan una auditor\u00eda externa obligatoria que garantiza su profesionalidad, transparencia y compromiso contigo y con tu proyecto.<\/p>\n<p>Porque viajar al extranjero no es solo contratar un servicio. Es perseguir un sue\u00f1o, apostar por crecer, ganar independencia y abrir la mente al mundo. Y ese paso merece hacerse con todas las garant\u00edas y con el respaldo de organizaciones s\u00f3lidas que est\u00e9n ah\u00ed si las necesitas.<\/p>\n<p>Te invitamos a recorrer nuestra web con calma, a conocernos mejor y a contactar con nuestros asociados. Descubrir\u00e1s que no hay experiencia m\u00e1s transformadora que aprender un idioma vivi\u00e9ndolo en el pa\u00eds donde se habla.<\/p>\n<p>Estamos aqu\u00ed para acompa\u00f1arte en ese camino.<\/p>\n<p style=\"text-align: justify;\"><em><span style=\"color: #009de0;\">Emilio Bordona<\/span><br \/>\n<\/em><em>President<\/em><\/p>\n<p>[\/vc_column_text][\/vc_column][\/vc_row]<\/p>\n","protected":false},"excerpt":{"rendered":"<p>[vc_row][vc_column width=&#8221;1\/4&#8243;][vc_single_image image=&#8221;9929&#8243; style=&#8221;vc_box_border_circle&#8221; css=&#8221;.vc_custom_1773757511339{margin-bottom: 14px !important;}&#8221;][vc_column_text css=&#8221;.vc_custom_1773757499067{margin-top: 0px !important;}&#8221;] Emilio Bordona President of ASEPROCE [\/vc_column_text][\/vc_column][vc_column width=&#8221;3\/4&#8243;][vc_column_text]Gracias por visitar nuestra web. Este espacio se hizo con la ilusi\u00f3n de compartir contigo la dedicaci\u00f3n y el compromiso que impulsan cada d\u00eda nuestro trabajo, as\u00ed como de acercarte a todas las organizaciones [&hellip;]<\/p>\n","protected":false},"author":1,"featured_media":0,"parent":0,"menu_order":0,"comment_status":"closed","ping_status":"open","template":"","meta":[],"_links":{"self":[{"href":"https:\/\/www.aseproce.org\/en\/wp-json\/wp\/v2\/pages\/4690"}],"collection":[{"href":"https:\/\/www.aseproce.org\/en\/wp-json\/wp\/v2\/pages"}],"about":[{"href":"https:\/\/www.aseproce.org\/en\/wp-json\/wp\/v2\/types\/page"}],"author":[{"embeddable":true,"href":"https:\/\/www.aseproce.org\/en\/wp-json\/wp\/v2\/users\/1"}],"replies":[{"embeddable":true,"href":"https:\/\/www.aseproce.org\/en\/wp-json\/wp\/v2\/comments?post=4690"}],"version-history":[{"count":4,"href":"https:\/\/www.aseproce.org\/en\/wp-json\/wp\/v2\/pages\/4690\/revisions"}],"predecessor-version":[{"id":9963,"href":"https:\/\/www.aseproce.org\/en\/wp-json\/wp\/v2\/pages\/4690\/revisions\/9963"}],"wp:attachment":[{"href":"https:\/\/www.aseproce.org\/en\/wp-json\/wp\/v2\/media?parent=4690"}],"curies":[{"name":"wp","href":"https:\/\/api.w.org\/{rel}","templated":true}]}}